{"id":2950,"date":"2022-04-01T14:13:46","date_gmt":"2022-04-01T11:13:46","guid":{"rendered":"https:\/\/turknet.bootests.com\/?page_id=2950"},"modified":"2024-01-29T16:06:49","modified_gmt":"2024-01-29T13:06:49","slug":"son-cikan-yazilar","status":"publish","type":"page","link":"https:\/\/www.turk.net\/blog\/son-cikan-yazilar\/","title":{"rendered":"Son \u00c7\u0131kan Yaz\u0131lar"},"content":{"rendered":"<div class=\"wpb-content-wrapper\"><p>[vc_row el_class=&#8221;listing-container&#8221;][vc_column][vc_column_text]<\/p>\n<section class=\"ArticleArea__header\">\n<div class=\"ArticleArea__title1\">\n<h1 class=\"h1-title-turknet\">Son \u00c7\u0131kan Yaz\u0131lar<\/h1>\n<\/div>\n<\/section>\n<p>[\/vc_column_text][vc_column_text]\n  <div class=\"container pr-0-max-lg\">\n  <section class=\"ArticleArea\">\n      <section class=\"ArticleArea__header\">\n          <div class=\"ArticleArea__title\">Son \u00c7\u0131kan Yaz\u0131lar<\/div>\n         \n      \n      <\/section>\n      <section class=\"ArticleArea__wrap  noWrap\">\n\n        \n            <div class=\"ArticleThumb\" >\n            <a href=\"https:\/\/www.turk.net\/blog\/dunyanin-en-buyuk-10-oyun-yapim-sirketi-guncel-liste\/\"><img decoding=\"async\" alt=\"D\u00fcnyan\u0131n En B\u00fcy\u00fck 10 Oyun Yap\u0131m \u015eirketi (G\u00fcncel Liste)\" class=\"img-fluid\" src=\"https:\/\/www.turk.net\/blog\/wp-content\/uploads\/dunyanin-en-buyuk-10-oyun-yapim-sirketi-guncel-liste.jpg\"><\/a>\n            \n            <a href=\"https:\/\/www.turk.net\/blog\/kategoriler\/oyun-dunyasi\/\" class=\"ArticleThumb__category\">Oyun D\u00fcnyas\u0131<\/a>\n            <a href=\"https:\/\/www.turk.net\/blog\/dunyanin-en-buyuk-10-oyun-yapim-sirketi-guncel-liste\/\" class=\"ArticleThumb__title\">D\u00fcnyan\u0131n En B\u00fcy\u00fck 10 Oyun Yap\u0131m \u015eirketi (G\u00fcncel Liste)<\/a>\n            <a href=\"https:\/\/www.turk.net\/blog\/dunyanin-en-buyuk-10-oyun-yapim-sirketi-guncel-liste\/\" class=\"seeMore\">Yaz\u0131y\u0131 Oku<\/a>\n        <\/div>\n              \n            <div class=\"ArticleThumb\" >\n            <a href=\"https:\/\/www.turk.net\/blog\/ai-agent-nedir-yapay-zeka-destekli-ajanlar-nasil-calisir\/\"><img decoding=\"async\" alt=\"AI Agent Nedir? Yapay Zek\u00e2 Destekli Ajanlar Nas\u0131l \u00c7al\u0131\u015f\u0131r?\" class=\"img-fluid\" src=\"https:\/\/www.turk.net\/blog\/wp-content\/uploads\/ai-agent-nedir-yapay-zeka-destekli-ajanlar-nasil-calisir.jpg\"><\/a>\n            \n            <a href=\"https:\/\/www.turk.net\/blog\/kategoriler\/yapay-zeka\/\" class=\"ArticleThumb__category\">Yapay Zeka<\/a>\n            <a href=\"https:\/\/www.turk.net\/blog\/ai-agent-nedir-yapay-zeka-destekli-ajanlar-nasil-calisir\/\" class=\"ArticleThumb__title\">AI Agent Nedir? Yapay Zek\u00e2 Destekli Ajanlar Nas\u0131l \u00c7al\u0131\u015f\u0131r?<\/a>\n            <a href=\"https:\/\/www.turk.net\/blog\/ai-agent-nedir-yapay-zeka-destekli-ajanlar-nasil-calisir\/\" class=\"seeMore\">Yaz\u0131y\u0131 Oku<\/a>\n        <\/div>\n              \n            <div class=\"ArticleThumb\" >\n            <a href=\"https:\/\/www.turk.net\/blog\/etkili-linkedin-profili-nasil-olusturulur\/\"><img decoding=\"async\" alt=\"Etkili LinkedIn Profili Nas\u0131l Olu\u015fturulur?\u00a0\" class=\"img-fluid\" src=\"https:\/\/www.turk.net\/blog\/wp-content\/uploads\/etkili-linkedin-profili-nasil-olusturulur.jpg\"><\/a>\n            \n            <a href=\"https:\/\/www.turk.net\/blog\/kategoriler\/is-dunyasi\/\" class=\"ArticleThumb__category\">\u0130\u015f D\u00fcnyas\u0131<\/a>\n            <a href=\"https:\/\/www.turk.net\/blog\/etkili-linkedin-profili-nasil-olusturulur\/\" class=\"ArticleThumb__title\">Etkili LinkedIn Profili Nas\u0131l Olu\u015fturulur?\u00a0<\/a>\n            <a href=\"https:\/\/www.turk.net\/blog\/etkili-linkedin-profili-nasil-olusturulur\/\" class=\"seeMore\">Yaz\u0131y\u0131 Oku<\/a>\n        <\/div>\n              \n            <div class=\"ArticleThumb\" >\n            <a href=\"https:\/\/www.turk.net\/blog\/gigafiber-tekirdagda-nerelerde-var\/\"><img decoding=\"async\" alt=\"Gigafiber Tekirda\u011f\u2019da Nerelerde Var?\" class=\"img-fluid\" src=\"https:\/\/www.turk.net\/blog\/wp-content\/uploads\/gigafiber_tekirdagda_nerelerde_var.jpg\"><\/a>\n            \n            <a href=\"https:\/\/www.turk.net\/blog\/kategoriler\/gigafiber\/\" class=\"ArticleThumb__category\">GigaFiber<\/a>\n            <a href=\"https:\/\/www.turk.net\/blog\/gigafiber-tekirdagda-nerelerde-var\/\" class=\"ArticleThumb__title\">Gigafiber Tekirda\u011f\u2019da Nerelerde Var?<\/a>\n            <a href=\"https:\/\/www.turk.net\/blog\/gigafiber-tekirdagda-nerelerde-var\/\" class=\"seeMore\">Yaz\u0131y\u0131 Oku<\/a>\n        <\/div>\n              \n            <div class=\"ArticleThumb\" >\n            <a href=\"https:\/\/www.turk.net\/blog\/gigafiber-samsunda-nerelerde-var\/\"><img decoding=\"async\" alt=\"Gigafiber Samsun\u2019da Nerelerde Var?\" class=\"img-fluid\" src=\"https:\/\/www.turk.net\/blog\/wp-content\/uploads\/gigafiber_samsunda_nerelerde_var.jpg\"><\/a>\n            \n            <a href=\"https:\/\/www.turk.net\/blog\/kategoriler\/gigafiber\/\" class=\"ArticleThumb__category\">GigaFiber<\/a>\n            <a href=\"https:\/\/www.turk.net\/blog\/gigafiber-samsunda-nerelerde-var\/\" class=\"ArticleThumb__title\">Gigafiber Samsun\u2019da Nerelerde Var?<\/a>\n            <a href=\"https:\/\/www.turk.net\/blog\/gigafiber-samsunda-nerelerde-var\/\" class=\"seeMore\">Yaz\u0131y\u0131 Oku<\/a>\n        <\/div>\n              \n            <div class=\"ArticleThumb\" >\n            <a href=\"https:\/\/www.turk.net\/blog\/gigafiber-konyada-nerelerde-var\/\"><img decoding=\"async\" alt=\"Gigafiber Konya\u2019da Nerelerde Var?\" class=\"img-fluid\" src=\"https:\/\/www.turk.net\/blog\/wp-content\/uploads\/gigafiber_konyada_nerelerde_var.jpg\"><\/a>\n            \n            <a href=\"https:\/\/www.turk.net\/blog\/kategoriler\/gigafiber\/\" class=\"ArticleThumb__category\">GigaFiber<\/a>\n            <a href=\"https:\/\/www.turk.net\/blog\/gigafiber-konyada-nerelerde-var\/\" class=\"ArticleThumb__title\">Gigafiber Konya\u2019da Nerelerde Var?<\/a>\n            <a href=\"https:\/\/www.turk.net\/blog\/gigafiber-konyada-nerelerde-var\/\" class=\"seeMore\">Yaz\u0131y\u0131 Oku<\/a>\n        <\/div>\n              \n       \n      \n      <\/section>\n  \n  <\/section>\n  \n  <\/section>\n<\/div>\n\n      <section class=\"container\">  <nav aria-label=\"Page navigation example\">\n      <ul class=\"pagination\"><li class='d-none page-item'> <span class='page-link' >1 <\/span> <\/li><li class=\"page-item active\"> <span aria-current=\"page\" class=\"page-link current\">1<\/span><\/li><li class=\"page-item\"> <a class=\"page-link\" href=\"https:\/\/www.turk.net\/blog\/wp-json\/wp\/v2\/pages\/2950\/page\/2\/\">2<\/a><\/li><li class=\"page-item\"> <a class=\"page-link\" href=\"https:\/\/www.turk.net\/blog\/wp-json\/wp\/v2\/pages\/2950\/page\/3\/\">3<\/a><\/li><li class=\"page-item\"> <span class=\"page-link dots\">&hellip;<\/span><\/li><li class=\"page-item\"> <a class=\"page-link\" href=\"https:\/\/www.turk.net\/blog\/wp-json\/wp\/v2\/pages\/2950\/page\/194\/\">194<\/a><\/li><li class=\"page-item\"> <a class=\"next page-link\" href=\"https:\/\/www.turk.net\/blog\/wp-json\/wp\/v2\/pages\/2950\/page\/2\/\"><svg fill=\"none\" height=\"8\" viewBox=\"0 0 6 8\" width=\"6\"\n                      xmlns=\"http:\/\/www.w3.org\/2000\/svg\">\n          <path clip-rule=\"evenodd\"\n          d=\"M0.594639 0.253827C0.318389 0.530077 0.318389 0.976327 0.594639 1.25258L3.34297 4.00091L0.594639 6.74924C0.318389 7.02549 0.318389 7.47175 0.594639 7.74799C0.870889 8.02425 1.31714 8.02425 1.59339 7.74799L4.84464 4.49674C5.12089 4.22049 5.12089 3.77424 4.84464 3.49799L1.59339 0.246744C1.32422 -0.0224227 0.870889 -0.0224225 0.594639 0.253827Z\"\n          fill=\"#101426\"\n          fill-rule=\"evenodd\"\/>\n          <\/svg><\/a><\/li><\/ul><\/nav>\n      <\/section>\n\n\n\n                        [\/vc_column_text][\/vc_column][\/vc_row]<\/p>\n<\/div>","protected":false},"excerpt":{"rendered":"<p>[vc_row el_class=&#8221;listing-container&#8221;][vc_column][vc_column_text] Son \u00c7\u0131kan Yaz\u0131lar [\/vc_column_text][vc_column_text][\/vc_column_text][\/vc_column][\/vc_row]<\/p>\n","protected":false},"author":7,"featured_media":0,"parent":0,"menu_order":0,"comment_status":"closed","ping_status":"closed","template":"","meta":{"footnotes":""},"class_list":["post-2950","page","type-page","status-publish","hentry"],"acf":[],"yoast_head":"<!-- This site is optimized with the Yoast SEO plugin v21.6 - https:\/\/yoast.com\/wordpress\/plugins\/seo\/ -->\n<title>Son \u00c7\u0131kan Yaz\u0131lar - Turknet Blog<\/title>\n<meta name=\"description\" content=\"Blog sayfam\u0131zda son payla\u015f\u0131lan yaz\u0131lar\u0131m\u0131z okumak ve takip etmek i\u00e7in son \u00e7\u0131kan yaz\u0131lar sayfam\u0131z\u0131 ziyaret ederek bilgi alabilirsiniz.\" \/>\n<meta name=\"robots\" content=\"index, follow, max-snippet:-1, max-image-preview:large, max-video-preview:-1\" \/>\n<link rel=\"canonical\" href=\"https:\/\/www.turk.net\/blog\/son-cikan-yazilar\/\" \/>\n<meta property=\"og:locale\" content=\"tr_TR\" \/>\n<meta property=\"og:type\" content=\"article\" \/>\n<meta property=\"og:title\" content=\"Son \u00c7\u0131kan Yaz\u0131lar - Turknet Blog\" \/>\n<meta property=\"og:description\" content=\"Blog sayfam\u0131zda son payla\u015f\u0131lan yaz\u0131lar\u0131m\u0131z okumak ve takip etmek i\u00e7in son \u00e7\u0131kan yaz\u0131lar sayfam\u0131z\u0131 ziyaret ederek bilgi alabilirsiniz.\" \/>\n<meta property=\"og:url\" content=\"https:\/\/www.turk.net\/blog\/son-cikan-yazilar\/\" \/>\n<meta property=\"og:site_name\" content=\"Turknet Blog\" \/>\n<meta property=\"article:modified_time\" content=\"2024-01-29T13:06:49+00:00\" \/>\n<meta name=\"twitter:card\" content=\"summary_large_image\" \/>\n<meta name=\"twitter:label1\" content=\"Tahmini okuma s\u00fcresi\" \/>\n\t<meta name=\"twitter:data1\" content=\"1 dakika\" \/>\n<script type=\"application\/ld+json\" class=\"yoast-schema-graph\">{\"@context\":\"https:\/\/schema.org\",\"@graph\":[{\"@type\":\"WebPage\",\"@id\":\"https:\/\/www.turk.net\/blog\/son-cikan-yazilar\/\",\"url\":\"https:\/\/www.turk.net\/blog\/son-cikan-yazilar\/\",\"name\":\"Son \u00c7\u0131kan Yaz\u0131lar - Turknet Blog\",\"isPartOf\":{\"@id\":\"https:\/\/www.turk.net\/blog\/#website\"},\"datePublished\":\"2022-04-01T11:13:46+00:00\",\"dateModified\":\"2024-01-29T13:06:49+00:00\",\"description\":\"Blog sayfam\u0131zda son payla\u015f\u0131lan yaz\u0131lar\u0131m\u0131z okumak ve takip etmek i\u00e7in son \u00e7\u0131kan yaz\u0131lar sayfam\u0131z\u0131 ziyaret ederek bilgi alabilirsiniz.\",\"breadcrumb\":{\"@id\":\"https:\/\/www.turk.net\/blog\/son-cikan-yazilar\/#breadcrumb\"},\"inLanguage\":\"tr\",\"potentialAction\":[{\"@type\":\"ReadAction\",\"target\":[\"https:\/\/www.turk.net\/blog\/son-cikan-yazilar\/\"]}]},{\"@type\":\"BreadcrumbList\",\"@id\":\"https:\/\/www.turk.net\/blog\/son-cikan-yazilar\/#breadcrumb\",\"itemListElement\":[{\"@type\":\"ListItem\",\"position\":1,\"name\":\"Anasayfa\",\"item\":\"https:\/\/www.turk.net\/blog\/\"},{\"@type\":\"ListItem\",\"position\":2,\"name\":\"Son \u00c7\u0131kan Yaz\u0131lar\"}]},{\"@type\":\"WebSite\",\"@id\":\"https:\/\/www.turk.net\/blog\/#website\",\"url\":\"https:\/\/www.turk.net\/blog\/\",\"name\":\"Turknet Blog\",\"description\":\"Blog Yaz\u0131lar\u0131 ve Makaleler\",\"potentialAction\":[{\"@type\":\"SearchAction\",\"target\":{\"@type\":\"EntryPoint\",\"urlTemplate\":\"https:\/\/www.turk.net\/blog\/?s={search_term_string}\"},\"query-input\":\"required name=search_term_string\"}],\"inLanguage\":\"tr\"}]}<\/script>\n<!-- \/ Yoast SEO plugin. -->","yoast_head_json":{"title":"Son \u00c7\u0131kan Yaz\u0131lar - Turknet Blog","description":"Blog sayfam\u0131zda son payla\u015f\u0131lan yaz\u0131lar\u0131m\u0131z okumak ve takip etmek i\u00e7in son \u00e7\u0131kan yaz\u0131lar sayfam\u0131z\u0131 ziyaret ederek bilgi alabilirsiniz.","robots":{"index":"index","follow":"follow","max-snippet":"max-snippet:-1","max-image-preview":"max-image-preview:large","max-video-preview":"max-video-preview:-1"},"canonical":"https:\/\/www.turk.net\/blog\/son-cikan-yazilar\/","og_locale":"tr_TR","og_type":"article","og_title":"Son \u00c7\u0131kan Yaz\u0131lar - Turknet Blog","og_description":"Blog sayfam\u0131zda son payla\u015f\u0131lan yaz\u0131lar\u0131m\u0131z okumak ve takip etmek i\u00e7in son \u00e7\u0131kan yaz\u0131lar sayfam\u0131z\u0131 ziyaret ederek bilgi alabilirsiniz.","og_url":"https:\/\/www.turk.net\/blog\/son-cikan-yazilar\/","og_site_name":"Turknet Blog","article_modified_time":"2024-01-29T13:06:49+00:00","twitter_card":"summary_large_image","twitter_misc":{"Tahmini okuma s\u00fcresi":"1 dakika"},"schema":{"@context":"https:\/\/schema.org","@graph":[{"@type":"WebPage","@id":"https:\/\/www.turk.net\/blog\/son-cikan-yazilar\/","url":"https:\/\/www.turk.net\/blog\/son-cikan-yazilar\/","name":"Son \u00c7\u0131kan Yaz\u0131lar - Turknet Blog","isPartOf":{"@id":"https:\/\/www.turk.net\/blog\/#website"},"datePublished":"2022-04-01T11:13:46+00:00","dateModified":"2024-01-29T13:06:49+00:00","description":"Blog sayfam\u0131zda son payla\u015f\u0131lan yaz\u0131lar\u0131m\u0131z okumak ve takip etmek i\u00e7in son \u00e7\u0131kan yaz\u0131lar sayfam\u0131z\u0131 ziyaret ederek bilgi alabilirsiniz.","breadcrumb":{"@id":"https:\/\/www.turk.net\/blog\/son-cikan-yazilar\/#breadcrumb"},"inLanguage":"tr","potentialAction":[{"@type":"ReadAction","target":["https:\/\/www.turk.net\/blog\/son-cikan-yazilar\/"]}]},{"@type":"BreadcrumbList","@id":"https:\/\/www.turk.net\/blog\/son-cikan-yazilar\/#breadcrumb","itemListElement":[{"@type":"ListItem","position":1,"name":"Anasayfa","item":"https:\/\/www.turk.net\/blog\/"},{"@type":"ListItem","position":2,"name":"Son \u00c7\u0131kan Yaz\u0131lar"}]},{"@type":"WebSite","@id":"https:\/\/www.turk.net\/blog\/#website","url":"https:\/\/www.turk.net\/blog\/","name":"Turknet Blog","description":"Blog Yaz\u0131lar\u0131 ve Makaleler","potentialAction":[{"@type":"SearchAction","target":{"@type":"EntryPoint","urlTemplate":"https:\/\/www.turk.net\/blog\/?s={search_term_string}"},"query-input":"required name=search_term_string"}],"inLanguage":"tr"}]}},"_links":{"self":[{"href":"https:\/\/www.turk.net\/blog\/wp-json\/wp\/v2\/pages\/2950","targetHints":{"allow":["GET"]}}],"collection":[{"href":"https:\/\/www.turk.net\/blog\/wp-json\/wp\/v2\/pages"}],"about":[{"href":"https:\/\/www.turk.net\/blog\/wp-json\/wp\/v2\/types\/page"}],"author":[{"embeddable":true,"href":"https:\/\/www.turk.net\/blog\/wp-json\/wp\/v2\/users\/7"}],"replies":[{"embeddable":true,"href":"https:\/\/www.turk.net\/blog\/wp-json\/wp\/v2\/comments?post=2950"}],"version-history":[{"count":14,"href":"https:\/\/www.turk.net\/blog\/wp-json\/wp\/v2\/pages\/2950\/revisions"}],"predecessor-version":[{"id":6549,"href":"https:\/\/www.turk.net\/blog\/wp-json\/wp\/v2\/pages\/2950\/revisions\/6549"}],"wp:attachment":[{"href":"https:\/\/www.turk.net\/blog\/wp-json\/wp\/v2\/media?parent=2950"}],"curies":[{"name":"wp","href":"https:\/\/api.w.org\/{rel}","templated":true}]}}